{"id":5056,"date":"2021-01-04T16:36:29","date_gmt":"2021-01-04T13:36:29","guid":{"rendered":"https:\/\/advanceautokool.ee\/pricing-2\/"},"modified":"2025-07-15T22:03:00","modified_gmt":"2025-07-15T19:03:00","slug":"hinnakiri","status":"publish","type":"page","link":"https:\/\/www.advanceautokool.ee\/et\/hinnakiri","title":{"rendered":"Hinnad"},"content":{"rendered":"<div data-elementor-type=\"wp-page\" data-elementor-id=\"5056\" class=\"elementor elementor-5056\" data-elementor-settings=\"[]\">\n\t\t\t\t\t\t\t<div class=\"elementor-section-wrap\">\n\t\t\t\t\t\t\t<section class=\"elementor-section elementor-top-section elementor-element elementor-element-7951c91e elementor-section-boxed elementor-section-height-default elementor-section-height-default\" data-id=\"7951c91e\" data-element_type=\"section\">\n\t\t\t\t\t\t<div class=\"elementor-container elementor-column-gap-default\">\n\t\t\t\t\t<div class=\"elementor-column elementor-col-100 elementor-top-column elementor-element elementor-element-6688ae8e\" data-id=\"6688ae8e\" data-element_type=\"column\">\n\t\t\t<div class=\"elementor-widget-wrap elementor-element-populated\">\n\t\t\t\t\t\t\t\t<section class=\"elementor-section elementor-inner-section elementor-element elementor-element-e1b1bd8 elementor-section-boxed elementor-section-height-default elementor-section-height-default\" data-id=\"e1b1bd8\" data-element_type=\"section\">\n\t\t\t\t\t\t<div class=\"elementor-container elementor-column-gap-default\">\n\t\t\t\t\t<div class=\"elementor-column elementor-col-100 elementor-inner-column elementor-element elementor-element-54115008\" data-id=\"54115008\" data-element_type=\"column\">\n\t\t\t<div class=\"elementor-widget-wrap elementor-element-populated\">\n\t\t\t\t\t\t\t\t<div class=\"elementor-element elementor-element-69175d9 bdt-price-table-divider--yes elementor-invisible elementor-widget elementor-widget-bdt-price-table\" data-id=\"69175d9\" data-element_type=\"widget\" data-settings=\"{&quot;_animation&quot;:&quot;fadeInUp&quot;}\" data-widget_type=\"bdt-price-table.default\">\n\t\t\t\t<div class=\"elementor-widget-container\">\n\t\t\t\t\t<div class=\"bdt-price-table bdt-price-table-skin-default\">\n\t\t\t\t\t<\/div>\n\t\t\t\t<\/div>\n\t\t\t\t<\/div>\n\t\t\t\t\t<\/div>\n\t\t<\/div>\n\t\t\t\t\t\t\t<\/div>\n\t\t<\/section>\n\t\t\t\t<div class=\"elementor-element elementor-element-64a8f2a elementor-widget elementor-widget-bdt-price-list\" data-id=\"64a8f2a\" data-element_type=\"widget\" data-widget_type=\"bdt-price-list.default\">\n\t\t\t\t<div class=\"elementor-widget-container\">\n\t\t\t\t\t<ul class=\"bdt-price-list\">\n\n\t\t<li class=\"bdt-price-list-item\"><div class=\"bdt-grid bdt-grid-collapse bdt-flex-middle\" onclick=\"window.open(&#039;#&#039;, &#039;_self&#039;)\"bdt-grid>\n\t\t\t<div class=\"bdt-price-list-text bdt-width-expand\">\n\t\t\t\t<div>\n\t\t\t\t\t<div class=\"bdt-price-list-header bdt-grid bdt-grid-small bdt-flex-middle\" bdt-grid>\n\t\t\t\t\t\t<span class=\"bdt-price-list-title\"> Manuaalk\u00e4igukastiga koolituskursus<\/span>\n\n\t\t\t\t\t\t\t\t\t\t\t\t\t<span class=\"bdt-price-list-separator bdt-width-expand\"><\/span>\n\t\t\t\t\t\t\n\t\t\t\t\t<\/div>\n\n                    \t\t\t\t<\/div>\n\t\t\t<\/div>\n\t\t\t<div class=\"bdt-width-auto bdt-flex-inline\">\n\t\t\t\t<span class=\"bdt-price-list-price\">790 \u20ac<\/span>\n\t\t\t<\/div>\n\n\t\t\t<\/div><\/li>\n\t\t<li class=\"bdt-price-list-item\"><div class=\"bdt-grid bdt-grid-collapse bdt-flex-middle\" onclick=\"window.open(&#039;#&#039;, &#039;_self&#039;)\"bdt-grid>\n\t\t\t<div class=\"bdt-price-list-text bdt-width-expand\">\n\t\t\t\t<div>\n\t\t\t\t\t<div class=\"bdt-price-list-header bdt-grid bdt-grid-small bdt-flex-middle\" bdt-grid>\n\t\t\t\t\t\t<span class=\"bdt-price-list-title\"> Automaatk\u00e4igukasti gakoolituskursus<\/span>\n\n\t\t\t\t\t\t\t\t\t\t\t\t\t<span class=\"bdt-price-list-separator bdt-width-expand\"><\/span>\n\t\t\t\t\t\t\n\t\t\t\t\t<\/div>\n\n                    \t\t\t\t<\/div>\n\t\t\t<\/div>\n\t\t\t<div class=\"bdt-width-auto bdt-flex-inline\">\n\t\t\t\t<span class=\"bdt-price-list-price\">790 \u20ac<\/span>\n\t\t\t<\/div>\n\n\t\t\t<\/div><\/li>\n\t\t<li class=\"bdt-price-list-item\"><div class=\"bdt-grid bdt-grid-collapse bdt-flex-middle\" onclick=\"window.open(&#039;#&#039;, &#039;_self&#039;)\"bdt-grid>\n\t\t\t<div class=\"bdt-price-list-text bdt-width-expand\">\n\t\t\t\t<div>\n\t\t\t\t\t<div class=\"bdt-price-list-header bdt-grid bdt-grid-small bdt-flex-middle\" bdt-grid>\n\t\t\t\t\t\t<span class=\"bdt-price-list-title\">B-kategooria l\u00f5puetapi koolituskursus (talves\u00f5it) <\/span>\n\n\t\t\t\t\t\t\t\t\t\t\t\t\t<span class=\"bdt-price-list-separator bdt-width-expand\"><\/span>\n\t\t\t\t\t\t\n\t\t\t\t\t<\/div>\n\n                    \t\t\t\t<\/div>\n\t\t\t<\/div>\n\t\t\t<div class=\"bdt-width-auto bdt-flex-inline\">\n\t\t\t\t<span class=\"bdt-price-list-price\">180 \u20ac<\/span>\n\t\t\t<\/div>\n\n\t\t\t<\/div><\/li>\n\t\t<li class=\"bdt-price-list-item\"><div class=\"bdt-grid bdt-grid-collapse bdt-flex-middle\" onclick=\"window.open(&#039;#&#039;, &#039;_self&#039;)\"bdt-grid>\n\t\t\t<div class=\"bdt-price-list-text bdt-width-expand\">\n\t\t\t\t<div>\n\t\t\t\t\t<div class=\"bdt-price-list-header bdt-grid bdt-grid-small bdt-flex-middle\" bdt-grid>\n\t\t\t\t\t\t<span class=\"bdt-price-list-title\">T\u00e4iendav \u00f5ppetund<\/span>\n\n\t\t\t\t\t\t\t\t\t\t\t\t\t<span class=\"bdt-price-list-separator bdt-width-expand\"><\/span>\n\t\t\t\t\t\t\n\t\t\t\t\t<\/div>\n\n                    \t\t\t\t<\/div>\n\t\t\t<\/div>\n\t\t\t<div class=\"bdt-width-auto bdt-flex-inline\">\n\t\t\t\t<span class=\"bdt-price-list-price\">33 \u20ac<\/span>\n\t\t\t<\/div>\n\n\t\t\t<\/div><\/li>\n\t\t\n\t\t<\/ul>\n\t\t\t\t<\/div>\n\t\t\t\t<\/div>\n\t\t\t\t<div class=\"elementor-element elementor-element-68d991e0 bdt-price-table-divider--yes elementor-invisible elementor-widget elementor-widget-bdt-price-table\" data-id=\"68d991e0\" data-element_type=\"widget\" data-settings=\"{&quot;_animation&quot;:&quot;fadeInUp&quot;}\" data-widget_type=\"bdt-price-table.default\">\n\t\t\t\t<div class=\"elementor-widget-container\">\n\t\t\t\t\t<div class=\"bdt-price-table bdt-price-table-skin-default\">\n\t\t\t\t\t<\/div>\n\t\t\t\t<\/div>\n\t\t\t\t<\/div>\n\t\t\t\t<div class=\"elementor-element elementor-element-28c8d0f7 elementor-invisible elementor-widget elementor-widget-text-editor\" data-id=\"28c8d0f7\" data-element_type=\"widget\" data-settings=\"{&quot;_animation&quot;:&quot;fadeInUp&quot;,&quot;_animation_delay&quot;:100}\" data-widget_type=\"text-editor.default\">\n\t\t\t\t<div class=\"elementor-widget-container\">\n\t\t\t\t\t\t\t\t<p>Koolituse l\u00f5pphind s\u00f5ltub t\u00e4iendavate s\u00f5idutundide arvust.<\/p>\t\t\t\t\t\t<\/div>\n\t\t\t\t<\/div>\n\t\t\t\t\t<\/div>\n\t\t<\/div>\n\t\t\t\t\t\t\t<\/div>\n\t\t<\/section>\n\t\t\t\t<section class=\"elementor-section elementor-top-section elementor-element elementor-element-7cea8c42 elementor-section-boxed elementor-section-height-default elementor-section-height-default\" data-id=\"7cea8c42\" data-element_type=\"section\">\n\t\t\t\t\t\t<div class=\"elementor-container elementor-column-gap-default\">\n\t\t\t\t\t<div class=\"elementor-column elementor-col-100 elementor-top-column elementor-element elementor-element-4c76c88\" data-id=\"4c76c88\" data-element_type=\"column\">\n\t\t\t<div class=\"elementor-widget-wrap elementor-element-populated\">\n\t\t\t\t\t\t\t\t<div class=\"elementor-section elementor-inner-section elementor-element elementor-element-2e92b959 elementor-section-boxed elementor-section-height-default elementor-section-height-default\" data-id=\"2e92b959\" data-element_type=\"section\">\n\t\t\t\t\t\t<div class=\"elementor-container elementor-column-gap-default\">\n\t\t\t\t\t<div class=\"elementor-column elementor-col-33 elementor-inner-column elementor-element elementor-element-0e61ad4 elementor-hidden-phone\" data-id=\"0e61ad4\" data-element_type=\"column\">\n\t\t\t<div class=\"elementor-widget-wrap\">\n\t\t\t\t\t\t\t\t\t<\/div>\n\t\t<\/div>\n\t\t\t\t<div class=\"elementor-column elementor-col-33 elementor-inner-column elementor-element elementor-element-d341fe9\" data-id=\"d341fe9\" data-element_type=\"column\">\n\t\t\t<div class=\"elementor-widget-wrap elementor-element-populated\">\n\t\t\t\t\t\t\t\t<div class=\"elementor-element elementor-element-47853bd0 elementor-invisible elementor-widget elementor-widget-heading\" data-id=\"47853bd0\" data-element_type=\"widget\" data-settings=\"{&quot;_animation&quot;:&quot;fadeInUp&quot;}\" data-widget_type=\"heading.default\">\n\t\t\t\t<div class=\"elementor-widget-container\">\n\t\t\t<h2 class=\"elementor-heading-title elementor-size-default\">Korduma kippuvad k\u00fcsimused (KKK) <\/h2>\t\t<\/div>\n\t\t\t\t<\/div>\n\t\t\t\t\t<\/div>\n\t\t<\/div>\n\t\t\t\t<div class=\"elementor-column elementor-col-33 elementor-inner-column elementor-element elementor-element-22b514c0 elementor-hidden-phone\" data-id=\"22b514c0\" data-element_type=\"column\">\n\t\t\t<div class=\"elementor-widget-wrap\">\n\t\t\t\t\t\t\t\t\t<\/div>\n\t\t<\/div>\n\t\t\t\t\t\t\t<\/div>\n\t\t<\/div>\n\t\t\t\t<section class=\"elementor-section elementor-inner-section elementor-element elementor-element-2545b03c elementor-section-boxed elementor-section-height-default elementor-section-height-default\" data-id=\"2545b03c\" data-element_type=\"section\">\n\t\t\t\t\t\t<div class=\"elementor-container elementor-column-gap-default\">\n\t\t\t\t\t<div class=\"elementor-column elementor-col-16 elementor-inner-column elementor-element elementor-element-791823ab elementor-hidden-phone\" data-id=\"791823ab\" data-element_type=\"column\">\n\t\t\t<div class=\"elementor-widget-wrap\">\n\t\t\t\t\t\t\t\t\t<\/div>\n\t\t<\/div>\n\t\t\t\t<div class=\"elementor-column elementor-col-66 elementor-inner-column elementor-element elementor-element-68165bf1\" data-id=\"68165bf1\" data-element_type=\"column\">\n\t\t\t<div class=\"elementor-widget-wrap elementor-element-populated\">\n\t\t\t\t\t\t\t\t<div class=\"elementor-element elementor-element-63f8246d elementor-invisible elementor-widget elementor-widget-bdt-accordion\" data-id=\"63f8246d\" data-element_type=\"widget\" data-settings=\"{&quot;_animation&quot;:&quot;fadeIn&quot;}\" data-widget_type=\"bdt-accordion.default\">\n\t\t\t\t<div class=\"elementor-widget-container\">\n\t\t\t      <div class=\"bdt-accordion-container\">\r\n        <div id=\"bdt-accordion-63f8246d\" class=\"bdt-accordion\" data-bdt-accordion=\"{&quot;collapsible&quot;:true,&quot;multiple&quot;:false,&quot;transition&quot;:&quot;ease-in-out&quot;}\" data-settings=\"{&quot;id&quot;:&quot;bdt-accordion-63f8246d&quot;,&quot;activeHash&quot;:&quot;no&quot;,&quot;activeScrollspy&quot;:null,&quot;hashTopOffset&quot;:false,&quot;hashScrollspyTime&quot;:false}\">\r\n                      <div class=\"bdt-accordion-item\">\r\n            <h4                class=\"bdt-accordion-title bdt-flex bdt-flex-middle bdt-flex-between\"                id=\"bdt-accordion\" \r\n                data-accordion-index=\"0\" \r\n                data-title=\"\" role=\"heading\">\r\n\r\n                                    <span class=\"bdt-accordion-icon bdt-flex-align-right\"\r\n                        aria-hidden=\"true\">\r\n\r\n                                            <span class=\"bdt-accordion-icon-closed\">\r\n                        <i aria-hidden=\"true\" class=\"fa-fw fas fa-plus\"><\/i>                        <\/span>\r\n                    \r\n                                                <span class=\"bdt-accordion-icon-opened\">\r\n                            <i aria-hidden=\"true\" class=\"fa-fw fas fa-minus\"><\/i>                            <\/span>\r\n                        \r\n                    <\/span>\r\n                \r\n                <span class=\"bdt-flex bdt-flex-middle\">\r\n\r\n                                        Mida peab \u00f5pilane koolitusele registreerumiseks tegema?                <\/span>\r\n                \r\n                <\/h4>\r\n          <div class=\"bdt-accordion-content\">\r\n              <p>Registreeruda saab l\u00e4bi meie kodulehe v\u00f5i helistades numbrile +372 58020000.\u00a0<\/p>          <\/div>\r\n        <\/div>\r\n                    <div class=\"bdt-accordion-item\">\r\n            <h4                class=\"bdt-accordion-title bdt-flex bdt-flex-middle bdt-flex-between\"                id=\"bdt-accordion\" \r\n                data-accordion-index=\"1\" \r\n                data-title=\"\" role=\"heading\">\r\n\r\n                                    <span class=\"bdt-accordion-icon bdt-flex-align-right\"\r\n                        aria-hidden=\"true\">\r\n\r\n                                            <span class=\"bdt-accordion-icon-closed\">\r\n                        <i aria-hidden=\"true\" class=\"fa-fw fas fa-plus\"><\/i>                        <\/span>\r\n                    \r\n                                                <span class=\"bdt-accordion-icon-opened\">\r\n                            <i aria-hidden=\"true\" class=\"fa-fw fas fa-minus\"><\/i>                            <\/span>\r\n                        \r\n                    <\/span>\r\n                \r\n                <span class=\"bdt-flex bdt-flex-middle\">\r\n\r\n                                        Mida peab \u00f5pilane tegema, kui soovib koolitusest loobuda?                <\/span>\r\n                \r\n                <\/h4>\r\n          <div class=\"bdt-accordion-content\">\r\n              <p>Kui \u00f5pilane soovib koolitusest loobuda, v\u00f5ib ta seda kirjalikul viisil taotleda.\u00a0<\/p>          <\/div>\r\n        <\/div>\r\n                    <div class=\"bdt-accordion-item\">\r\n            <h4                class=\"bdt-accordion-title bdt-flex bdt-flex-middle bdt-flex-between\"                id=\"bdt-accordion\" \r\n                data-accordion-index=\"2\" \r\n                data-title=\"\" role=\"heading\">\r\n\r\n                                    <span class=\"bdt-accordion-icon bdt-flex-align-right\"\r\n                        aria-hidden=\"true\">\r\n\r\n                                            <span class=\"bdt-accordion-icon-closed\">\r\n                        <i aria-hidden=\"true\" class=\"fa-fw fas fa-plus\"><\/i>                        <\/span>\r\n                    \r\n                                                <span class=\"bdt-accordion-icon-opened\">\r\n                            <i aria-hidden=\"true\" class=\"fa-fw fas fa-minus\"><\/i>                            <\/span>\r\n                        \r\n                    <\/span>\r\n                \r\n                <span class=\"bdt-flex bdt-flex-middle\">\r\n\r\n                                        Millised tingimused peavad olema \u00f5pilasel t\u00e4idetud koolituse l\u00e4bimiseks?                <\/span>\r\n                \r\n                <\/h4>\r\n          <div class=\"bdt-accordion-content\">\r\n              <p>Koolituse l\u00e4bimiseks peab \u00f5pilane l\u00e4bima 90% loengutest, l\u00e4bima k\u00f5ik praktilisi \u00f5ppetunde ning sooritama teooria- ja praktilist s\u00f5idueksami.<\/p>          <\/div>\r\n        <\/div>\r\n                    <div class=\"bdt-accordion-item\">\r\n            <h4                class=\"bdt-accordion-title bdt-flex bdt-flex-middle bdt-flex-between\"                id=\"bdt-accordion\" \r\n                data-accordion-index=\"3\" \r\n                data-title=\"\" role=\"heading\">\r\n\r\n                                    <span class=\"bdt-accordion-icon bdt-flex-align-right\"\r\n                        aria-hidden=\"true\">\r\n\r\n                                            <span class=\"bdt-accordion-icon-closed\">\r\n                        <i aria-hidden=\"true\" class=\"fa-fw fas fa-plus\"><\/i>                        <\/span>\r\n                    \r\n                                                <span class=\"bdt-accordion-icon-opened\">\r\n                            <i aria-hidden=\"true\" class=\"fa-fw fas fa-minus\"><\/i>                            <\/span>\r\n                        \r\n                    <\/span>\r\n                \r\n                <span class=\"bdt-flex bdt-flex-middle\">\r\n\r\n                                        Millised on \u00f5ppemaksu tasumise, vabastamise ja tagastamise tingimused ja kord?                <\/span>\r\n                \r\n                <\/h4>\r\n          <div class=\"bdt-accordion-content\">\r\n              <p class=\" translation-block\">Koolituse eest tasumine toimub \u00fclekandega autokooli pangakontole. Tasuda saab osamaksetena. Esmamakse (v\u00e4hemalt 100 eurot) \u2013 hiljemalt kaks teoorialoengut. \u00dclej\u00e4\u00e4nud osa saab tasuda osamaksetena, kuid mitte hiljem kui kolme kuu jooksul alates koolituse algusest. Tasu peab olema makstud enne teooriatesi. Lepingu kehtivuse ajal makset muuta ei saa. Makse v\u00f5ib muutuda, juhul kui \u00f5pilane rikub koolituse t\u00e4htaegu.<\/p>          <\/div>\r\n        <\/div>\r\n                    <div class=\"bdt-accordion-item\">\r\n            <h4                class=\"bdt-accordion-title bdt-flex bdt-flex-middle bdt-flex-between\"                id=\"bdt-accordion\" \r\n                data-accordion-index=\"4\" \r\n                data-title=\"\" role=\"heading\">\r\n\r\n                                    <span class=\"bdt-accordion-icon bdt-flex-align-right\"\r\n                        aria-hidden=\"true\">\r\n\r\n                                            <span class=\"bdt-accordion-icon-closed\">\r\n                        <i aria-hidden=\"true\" class=\"fa-fw fas fa-plus\"><\/i>                        <\/span>\r\n                    \r\n                                                <span class=\"bdt-accordion-icon-opened\">\r\n                            <i aria-hidden=\"true\" class=\"fa-fw fas fa-minus\"><\/i>                            <\/span>\r\n                        \r\n                    <\/span>\r\n                \r\n                <span class=\"bdt-flex bdt-flex-middle\">\r\n\r\n                                        Kas \u00f5pilane peaks arvestama lisakuludega?                <\/span>\r\n                \r\n                <\/h4>\r\n          <div class=\"bdt-accordion-content\">\r\n              <p>T\u00e4iendavalt tasutakse esmaabikoolituse ja \u00f5ppevahendite eest.\u00a0<\/p>          <\/div>\r\n        <\/div>\r\n                    <div class=\"bdt-accordion-item\">\r\n            <h4                class=\"bdt-accordion-title bdt-flex bdt-flex-middle bdt-flex-between\"                id=\"bdt-accordion\" \r\n                data-accordion-index=\"5\" \r\n                data-title=\"\" role=\"heading\">\r\n\r\n                                    <span class=\"bdt-accordion-icon bdt-flex-align-right\"\r\n                        aria-hidden=\"true\">\r\n\r\n                                            <span class=\"bdt-accordion-icon-closed\">\r\n                        <i aria-hidden=\"true\" class=\"fa-fw fas fa-plus\"><\/i>                        <\/span>\r\n                    \r\n                                                <span class=\"bdt-accordion-icon-opened\">\r\n                            <i aria-hidden=\"true\" class=\"fa-fw fas fa-minus\"><\/i>                            <\/span>\r\n                        \r\n                    <\/span>\r\n                \r\n                <span class=\"bdt-flex bdt-flex-middle\">\r\n\r\n                                        Kuidas hoitakse \u00fcleskirjustusi \u00f5pilaste koolitusel osalemise kohta?                <\/span>\r\n                \r\n                <\/h4>\r\n          <div class=\"bdt-accordion-content\">\r\n              <p>Koolituse k\u00e4igus antakse \u00f5pilasele koolituskaart, millele pannakse kirja k\u00f5ik praktilised tunnid. Iga \u00f5ppetund peab olema \u00f5pilase poolt allkirjastatud.\u00a0<\/p>          <\/div>\r\n        <\/div>\r\n                <\/div>\r\n      <\/div>\r\n        \t\t<\/div>\n\t\t\t\t<\/div>\n\t\t\t\t\t<\/div>\n\t\t<\/div>\n\t\t\t\t<div class=\"elementor-column elementor-col-16 elementor-inner-column elementor-element elementor-element-8676e05 elementor-hidden-phone\" data-id=\"8676e05\" data-element_type=\"column\">\n\t\t\t<div class=\"elementor-widget-wrap\">\n\t\t\t\t\t\t\t\t\t<\/div>\n\t\t<\/div>\n\t\t\t\t\t\t\t<\/div>\n\t\t<\/section>\n\t\t\t\t\t<\/div>\n\t\t<\/div>\n\t\t\t\t\t\t\t<\/div>\n\t\t<\/section>\n\t\t\t\t\t\t<\/div>\n\t\t\t\t\t<\/div>","protected":false},"excerpt":{"rendered":"<p>\u041a\u0443\u0440\u0441 \u043e\u0431\u0443\u0447\u0435\u043d\u0438\u044f \u043d\u0430 \u043c\u0430\u043d\u0443\u0430\u043b\u044c\u043d\u043e\u0439 \u043a\u043e\u0440\u043e\u0431\u043a\u0435 \u043f\u0435\u0440\u0435\u0434\u0430\u0447 790 \u20ac \u041a\u0443\u0440\u0441 \u043e\u0431\u0443\u0447\u0435\u043d\u0438\u044f \u043d\u0430 \u0430\u0432\u0442\u043e\u043c\u0430\u0442\u0438\u0447\u0435\u0441\u043a\u043e\u0439 \u043a\u043e\u0440\u043e\u0431\u043a\u0435 \u043f\u0435\u0440\u0435\u0434\u0430\u0447 790 \u20ac \u041a\u0443\u0440\u0441 \u0437\u0430\u043a\u043b\u044e\u0447\u0438\u0442\u0435\u043b\u044c\u043d\u043e\u0439 \u0441\u0442\u0430\u0434\u0438\u0438 \u043a\u0430\u0442\u0435\u0433\u043e\u0440\u0438\u0438 \u0412 (\u0437\u0438\u043c\u043d\u0435\u0435 \u0432\u043e\u0436\u0434\u0435\u043d\u0438\u0435) 180 \u20ac \u0414\u043e\u043f\u043e\u043b\u043d\u0438\u0442\u0435\u043b\u044c\u043d\u044b\u0439 \u0443\u0440\u043e\u043a 33 \u20ac \u041a\u043e\u043d\u0435\u0447\u043d\u0430\u044f \u0446\u0435\u043d\u0430 \u043a\u0443\u0440\u0441\u0430 \u0437\u0430\u0432\u0438\u0441\u0438\u0442 \u043e\u0442 \u043a\u043e\u043b\u0438\u0447\u0435\u0441\u0442\u0432\u0430 \u0434\u043e\u043f\u043e\u043b\u043d\u0438\u0442\u0435\u043b\u044c\u043d\u044b\u0445 \u0443\u0440\u043e\u043a\u043e\u0432 \u0432\u043e\u0436\u0434\u0435\u043d\u0438\u044f. \u0427\u0430\u0441\u0442\u043e \u0437\u0430\u0434\u0430\u0432\u0430\u0435\u043c\u044b\u0435 \u0432\u043e\u043f\u0440\u043e\u0441\u044b \u0427\u0442\u043e \u043d\u0443\u0436\u043d\u043e \u0441\u0434\u0435\u043b\u0430\u0442\u044c \u0443\u0447\u0430\u0449\u0435\u043c\u0443\u0441\u044f, \u0447\u0442\u043e\u0431\u044b \u0437\u0430\u0440\u0435\u0433\u0438\u0441\u0442\u0440\u0438\u0440\u043e\u0432\u0430\u0442\u044c\u0441\u044f \u0434\u043b\u044f \u043e\u0431\u0443\u0447\u0435\u043d\u0438\u044f? \u0417\u0430\u0440\u0435\u0433\u0438\u0441\u0442\u0440\u0438\u0440\u043e\u0432\u0430\u0442\u044c\u0441\u044f \u043c\u043e\u0436\u043d\u043e \u043d\u0430 \u0441\u0430\u0439\u0442\u0435 \u043d\u0430\u0448\u0435\u0439 \u0430\u0432\u0442\u043e\u0448\u043a\u043e\u043b\u044b, [&hellip;]<\/p>","protected":false},"author":1,"featured_media":0,"parent":0,"menu_order":0,"comment_status":"closed","ping_status":"closed","template":"","meta":{"footnotes":""},"class_list":["post-5056","page","type-page","status-publish","hentry"],"_links":{"self":[{"href":"https:\/\/www.advanceautokool.ee\/et\/wp-json\/wp\/v2\/pages\/5056","targetHints":{"allow":["GET"]}}],"collection":[{"href":"https:\/\/www.advanceautokool.ee\/et\/wp-json\/wp\/v2\/pages"}],"about":[{"href":"https:\/\/www.advanceautokool.ee\/et\/wp-json\/wp\/v2\/types\/page"}],"author":[{"embeddable":true,"href":"https:\/\/www.advanceautokool.ee\/et\/wp-json\/wp\/v2\/users\/1"}],"replies":[{"embeddable":true,"href":"https:\/\/www.advanceautokool.ee\/et\/wp-json\/wp\/v2\/comments?post=5056"}],"version-history":[{"count":5,"href":"https:\/\/www.advanceautokool.ee\/et\/wp-json\/wp\/v2\/pages\/5056\/revisions"}],"predecessor-version":[{"id":5447,"href":"https:\/\/www.advanceautokool.ee\/et\/wp-json\/wp\/v2\/pages\/5056\/revisions\/5447"}],"wp:attachment":[{"href":"https:\/\/www.advanceautokool.ee\/et\/wp-json\/wp\/v2\/media?parent=5056"}],"curies":[{"name":"wp","href":"https:\/\/api.w.org\/{rel}","templated":true}]}}