{"id":5058,"date":"2021-01-04T16:30:39","date_gmt":"2021-01-04T13:30:39","guid":{"rendered":"https:\/\/advanceautokool.ee\/about-us\/"},"modified":"2025-05-12T14:36:20","modified_gmt":"2025-05-12T11:36:20","slug":"meist","status":"publish","type":"page","link":"https:\/\/www.advanceautokool.ee\/et\/meist","title":{"rendered":"Meist"},"content":{"rendered":"<div data-elementor-type=\"wp-page\" data-elementor-id=\"5058\" class=\"elementor elementor-5058\" data-elementor-settings=\"[]\">\n\t\t\t\t\t\t\t<div class=\"elementor-section-wrap\">\n\t\t\t\t\t\t\t<section class=\"elementor-section elementor-top-section elementor-element elementor-element-6162bbf7 elementor-section-boxed elementor-section-height-default elementor-section-height-default\" data-id=\"6162bbf7\" data-element_type=\"section\">\n\t\t\t\t\t\t<div class=\"elementor-container elementor-column-gap-default\">\n\t\t\t\t\t<div class=\"elementor-column elementor-col-50 elementor-top-column elementor-element elementor-element-22e7db7d\" data-id=\"22e7db7d\" data-element_type=\"column\">\n\t\t\t<div class=\"elementor-widget-wrap elementor-element-populated\">\n\t\t\t\t\t\t\t\t<div class=\"elementor-section elementor-inner-section elementor-element elementor-element-458bd7ab elementor-section-boxed elementor-section-height-default elementor-section-height-default\" data-id=\"458bd7ab\" data-element_type=\"section\">\n\t\t\t\t\t\t<div class=\"elementor-container elementor-column-gap-default\">\n\t\t\t\t\t<div class=\"elementor-column elementor-col-100 elementor-inner-column elementor-element elementor-element-e5f9905\" data-id=\"e5f9905\" data-element_type=\"column\">\n\t\t\t<div class=\"elementor-widget-wrap elementor-element-populated\">\n\t\t\t\t\t\t\t\t<div class=\"elementor-element elementor-element-924f7ac elementor-widget elementor-widget-heading\" data-id=\"924f7ac\" data-element_type=\"widget\" data-widget_type=\"heading.default\">\n\t\t\t\t<div class=\"elementor-widget-container\">\n\t\t\t<h2 class=\"elementor-heading-title elementor-size-default\">Autokoolist Advance<\/h2>\t\t<\/div>\n\t\t\t\t<\/div>\n\t\t\t\t<div class=\"elementor-element elementor-element-66f4b65c elementor-invisible elementor-widget elementor-widget-text-editor\" data-id=\"66f4b65c\" data-element_type=\"widget\" data-settings=\"{&quot;_animation&quot;:&quot;fadeInUp&quot;,&quot;_animation_delay&quot;:500}\" data-widget_type=\"text-editor.default\">\n\t\t\t\t<div class=\"elementor-widget-container\">\n\t\t\t\t\t\t\t\t<p><strong>Advance<\/strong> <strong>autokool<\/strong> (<em>registrikood: 12925364<\/em>) asub Narva linnas - \u00f5pet viiakse l\u00e4bi <strong>manuaalk\u00e4igukastiga<\/strong> -<strong>KIA Ceed 2024)<\/strong> ja <strong>automaatk\u00e4igukast<\/strong> -<strong>Toyota Corolla 2024<\/strong>).<\/p><p class=\" translation-block\">Meie t\u00f6\u00f6 eesm\u00e4rgiks on \u00f5petada meie \u00f5pilastele <strong> kvaliteetset <\/strong> ja <strong> kohusetundlikku <\/strong> autojuhtimist.<span class=\"Apple-converted-space\">\u00a0<\/span><\/p><p class=\"p1 translation-block\">Tegevusluba B-kategooria s\u00f5idukite juhtide koolitamiseks v\u00e4ljastati <strong>Harudus -ja Teadus ministeeriumi kantsleri poolt 14.03.2016 \u2116 1.1-3\/16\/49<\/strong>.<\/p><p class=\" translation-block\"><strong>L\u00e4bides koolitust meie autokoolis<\/strong> \u2014 saate hinnata j\u00e4rgmisi <strong>eeliseid<\/strong>:\u00a0\u00a0<\/p>\t\t\t\t\t\t<\/div>\n\t\t\t\t<\/div>\n\t\t\t\t<div class=\"elementor-element elementor-element-bcc8db7 elementor-icon-list--layout-traditional elementor-list-item-link-full_width elementor-widget elementor-widget-icon-list\" data-id=\"bcc8db7\" data-element_type=\"widget\" data-widget_type=\"icon-list.default\">\n\t\t\t\t<div class=\"elementor-widget-container\">\n\t\t\t\t\t<ul class=\"elementor-icon-list-items\">\n\t\t\t\t\t\t\t<li class=\"elementor-icon-list-item\">\n\t\t\t\t\t\t\t\t\t\t\t<span class=\"elementor-icon-list-icon\">\n\t\t\t\t\t\t\t<i aria-hidden=\"true\" class=\"fas fa-chevron-right\"><\/i>\t\t\t\t\t\t<\/span>\n\t\t\t\t\t\t\t\t\t\t<span class=\"elementor-icon-list-text\">J\u00f5ukohasd hinnad<\/span>\n\t\t\t\t\t\t\t\t\t<\/li>\n\t\t\t\t\t\t\t\t<li class=\"elementor-icon-list-item\">\n\t\t\t\t\t\t\t\t\t\t\t<span class=\"elementor-icon-list-icon\">\n\t\t\t\t\t\t\t<i aria-hidden=\"true\" class=\"fas fa-chevron-right\"><\/i>\t\t\t\t\t\t<\/span>\n\t\t\t\t\t\t\t\t\t\t<span class=\"elementor-icon-list-text\">Kaasaegsed s\u00f5idukid koolituseks<\/span>\n\t\t\t\t\t\t\t\t\t<\/li>\n\t\t\t\t\t\t\t\t<li class=\"elementor-icon-list-item\">\n\t\t\t\t\t\t\t\t\t\t\t<span class=\"elementor-icon-list-icon\">\n\t\t\t\t\t\t\t<i aria-hidden=\"true\" class=\"fas fa-chevron-right\"><\/i>\t\t\t\t\t\t<\/span>\n\t\t\t\t\t\t\t\t\t\t<span class=\"elementor-icon-list-text\">Paindlik \u00f5ppemaksu tasumise s\u00fcsteem<\/span>\n\t\t\t\t\t\t\t\t\t<\/li>\n\t\t\t\t\t\t\t\t<li class=\"elementor-icon-list-item\">\n\t\t\t\t\t\t\t\t\t\t\t<span class=\"elementor-icon-list-icon\">\n\t\t\t\t\t\t\t<i aria-hidden=\"true\" class=\"fas fa-chevron-right\"><\/i>\t\t\t\t\t\t<\/span>\n\t\t\t\t\t\t\t\t\t\t<span class=\"elementor-icon-list-text\">Individuaalne l\u00e4henemine igale \u00f5pilasele<\/span>\n\t\t\t\t\t\t\t\t\t<\/li>\n\t\t\t\t\t\t\t\t<li class=\"elementor-icon-list-item\">\n\t\t\t\t\t\t\t\t\t\t\t<span class=\"elementor-icon-list-icon\">\n\t\t\t\t\t\t\t<i aria-hidden=\"true\" class=\"fas fa-chevron-right\"><\/i>\t\t\t\t\t\t<\/span>\n\t\t\t\t\t\t\t\t\t\t<span class=\"elementor-icon-list-text\">S\u00f5idu\u00f5petaja professionaalsus ja kogemus<\/span>\n\t\t\t\t\t\t\t\t\t<\/li>\n\t\t\t\t\t\t\t\t<li class=\"elementor-icon-list-item\">\n\t\t\t\t\t\t\t\t\t\t\t<span class=\"elementor-icon-list-icon\">\n\t\t\t\t\t\t\t<i aria-hidden=\"true\" class=\"fas fa-check\"><\/i>\t\t\t\t\t\t<\/span>\n\t\t\t\t\t\t\t\t\t\t<span class=\"elementor-icon-list-text\">\u00d5pilastel on v\u00f5imalus sooritada s\u00f5idueksami automaatk\u00e4igukastiga autokooli s\u00f5idukiga<\/span>\n\t\t\t\t\t\t\t\t\t<\/li>\n\t\t\t\t\t\t<\/ul>\n\t\t\t\t<\/div>\n\t\t\t\t<\/div>\n\t\t\t\t\t<\/div>\n\t\t<\/div>\n\t\t\t\t\t\t\t<\/div>\n\t\t<\/div>\n\t\t\t\t\t<\/div>\n\t\t<\/div>\n\t\t\t\t<div class=\"elementor-column elementor-col-50 elementor-top-column elementor-element elementor-element-437ea6b5\" data-id=\"437ea6b5\" data-element_type=\"column\">\n\t\t\t<div class=\"elementor-widget-wrap elementor-element-populated\">\n\t\t\t\t\t\t\t\t<div class=\"elementor-section elementor-inner-section elementor-element elementor-element-24b2230e elementor-section-boxed elementor-section-height-default elementor-section-height-default\" data-id=\"24b2230e\" data-element_type=\"section\">\n\t\t\t\t\t\t<div class=\"elementor-container elementor-column-gap-default\">\n\t\t\t\t\t<div class=\"elementor-column elementor-col-100 elementor-inner-column elementor-element elementor-element-3c1422cd\" data-id=\"3c1422cd\" data-element_type=\"column\">\n\t\t\t<div class=\"elementor-widget-wrap elementor-element-populated\">\n\t\t\t\t\t\t\t\t<div class=\"elementor-element elementor-element-62939ef elementor-view-default elementor-position-top elementor-vertical-align-top elementor-widget elementor-widget-icon-box\" data-id=\"62939ef\" data-element_type=\"widget\" data-widget_type=\"icon-box.default\">\n\t\t\t\t<div class=\"elementor-widget-container\">\n\t\t\t\t\t<div class=\"elementor-icon-box-wrapper\">\n\t\t\t\t\t\t<div class=\"elementor-icon-box-icon\">\n\t\t\t\t<a class=\"elementor-icon elementor-animation-\" href=\"https:\/\/advanceautokool.ee\/wp-content\/uploads\/\u0423\u0441\u043b\u043e\u0432\u0438\u044f_\u0438_\u043f\u043e\u0440\u044f\u0434\u043e\u043a_\u043e\u0431\u0435\u0441\u043f\u0435\u0447\u0435\u043d\u0438\u044f_\u043a\u0430\u0447\u0435\u0441\u0442\u0432\u0430.pdf\">\n\t\t\t\t<i aria-hidden=\"true\" class=\"far fa-file-pdf\"><\/i>\t\t\t\t<\/a>\n\t\t\t<\/div>\n\t\t\t\t\t\t<div class=\"elementor-icon-box-content\">\n\t\t\t\t<h3 class=\"elementor-icon-box-title\">\n\t\t\t\t\t<a href=\"https:\/\/advanceautokool.ee\/wp-content\/uploads\/\u0423\u0441\u043b\u043e\u0432\u0438\u044f_\u0438_\u043f\u043e\u0440\u044f\u0434\u043e\u043a_\u043e\u0431\u0435\u0441\u043f\u0435\u0447\u0435\u043d\u0438\u044f_\u043a\u0430\u0447\u0435\u0441\u0442\u0432\u0430.pdf\">Kvaliteedi tagamise alused<\/a>\n\t\t\t\t<\/h3>\n\t\t\t\t\t\t\t<\/div>\n\t\t<\/div>\n\t\t\t\t<\/div>\n\t\t\t\t<\/div>\n\t\t\t\t<div class=\"elementor-element elementor-element-333180f elementor-view-default elementor-position-top elementor-vertical-align-top elementor-widget elementor-widget-icon-box\" data-id=\"333180f\" data-element_type=\"widget\" data-widget_type=\"icon-box.default\">\n\t\t\t\t<div class=\"elementor-widget-container\">\n\t\t\t\t\t<div class=\"elementor-icon-box-wrapper\">\n\t\t\t\t\t\t<div class=\"elementor-icon-box-icon\">\n\t\t\t\t<a class=\"elementor-icon elementor-animation-\" href=\"https:\/\/advanceautokool.ee\/wp-content\/uploads\/\u041e\u0441\u043d\u043e\u0432\u044b_\u043e\u0440\u0433\u0430\u043d\u0438\u0437\u0430\u0446\u0438\u0438_\u0443\u0447\u0435\u0431\u043d\u043e\u0433\u043e_\u043f\u0440\u043e\u0446\u0435\u0441\u0441\u0430.pdf\">\n\t\t\t\t<i aria-hidden=\"true\" class=\"far fa-file-pdf\"><\/i>\t\t\t\t<\/a>\n\t\t\t<\/div>\n\t\t\t\t\t\t<div class=\"elementor-icon-box-content\">\n\t\t\t\t<h3 class=\"elementor-icon-box-title\">\n\t\t\t\t\t<a href=\"https:\/\/advanceautokool.ee\/wp-content\/uploads\/\u041e\u0441\u043d\u043e\u0432\u044b_\u043e\u0440\u0433\u0430\u043d\u0438\u0437\u0430\u0446\u0438\u0438_\u0443\u0447\u0435\u0431\u043d\u043e\u0433\u043e_\u043f\u0440\u043e\u0446\u0435\u0441\u0441\u0430.pdf\">\u00d5ppekorralduse alused<\/a>\n\t\t\t\t<\/h3>\n\t\t\t\t\t\t\t<\/div>\n\t\t<\/div>\n\t\t\t\t<\/div>\n\t\t\t\t<\/div>\n\t\t\t\t<div class=\"elementor-element elementor-element-b8902e5 elementor-view-default elementor-position-top elementor-vertical-align-top elementor-widget elementor-widget-icon-box\" data-id=\"b8902e5\" data-element_type=\"widget\" data-widget_type=\"icon-box.default\">\n\t\t\t\t<div class=\"elementor-widget-container\">\n\t\t\t\t\t<div class=\"elementor-icon-box-wrapper\">\n\t\t\t\t\t\t<div class=\"elementor-icon-box-icon\">\n\t\t\t\t<a class=\"elementor-icon elementor-animation-\" href=\"https:\/\/advanceautokool.ee\/wp-content\/uploads\/Osauhing-Advance-Autokool_B-1.pdf\">\n\t\t\t\t<i aria-hidden=\"true\" class=\"far fa-file-pdf\"><\/i>\t\t\t\t<\/a>\n\t\t\t<\/div>\n\t\t\t\t\t\t<div class=\"elementor-icon-box-content\">\n\t\t\t\t<h3 class=\"elementor-icon-box-title\">\n\t\t\t\t\t<a href=\"https:\/\/advanceautokool.ee\/wp-content\/uploads\/Osauhing-Advance-Autokool_B-1.pdf\">\u00d5ppekava<\/a>\n\t\t\t\t<\/h3>\n\t\t\t\t\t\t\t<\/div>\n\t\t<\/div>\n\t\t\t\t<\/div>\n\t\t\t\t<\/div>\n\t\t\t\t\t<\/div>\n\t\t<\/div>\n\t\t\t\t\t\t\t<\/div>\n\t\t<\/div>\n\t\t\t\t\t<\/div>\n\t\t<\/div>\n\t\t\t\t\t\t\t<\/div>\n\t\t<\/section>\n\t\t\t\t<section data-bdt-parallax=\"bgy: 200;\" class=\"elementor-section elementor-top-section elementor-element elementor-element-8c2d703 elementor-section-boxed elementor-section-height-default elementor-section-height-default\" data-id=\"8c2d703\" data-element_type=\"section\" data-settings=\"{&quot;background_background&quot;:&quot;classic&quot;}\">\n\t\t\t\t\t\t<div class=\"elementor-container elementor-column-gap-default\">\n\t\t\t\t\t<div class=\"elementor-column elementor-col-50 elementor-top-column elementor-element elementor-element-020ca52\" data-id=\"020ca52\" data-element_type=\"column\">\n\t\t\t<div class=\"elementor-widget-wrap elementor-element-populated\">\n\t\t\t\t\t\t\t\t<div class=\"elementor-element elementor-element-0d64270 elementor-invisible elementor-widget elementor-widget-heading\" data-id=\"0d64270\" data-element_type=\"widget\" data-settings=\"{&quot;_animation&quot;:&quot;fadeInUp&quot;}\" data-widget_type=\"heading.default\">\n\t\t\t\t<div class=\"elementor-widget-container\">\n\t\t\t<h2 class=\"elementor-heading-title elementor-size-default\">Endiselt k\u00fcsimusi?<\/h2>\t\t<\/div>\n\t\t\t\t<\/div>\n\t\t\t\t<div class=\"elementor-element elementor-element-c26c419 elementor-invisible elementor-widget elementor-widget-heading\" data-id=\"c26c419\" data-element_type=\"widget\" data-settings=\"{&quot;_animation&quot;:&quot;fadeInUp&quot;,&quot;_animation_delay&quot;:200}\" data-widget_type=\"heading.default\">\n\t\t\t\t<div class=\"elementor-widget-container\">\n\t\t\t<h4 class=\"elementor-heading-title elementor-size-default\">Helistage meile: +372 58020000<\/h4>\t\t<\/div>\n\t\t\t\t<\/div>\n\t\t\t\t<div class=\"elementor-element elementor-element-c63c321 elementor-invisible elementor-widget elementor-widget-text-editor\" data-id=\"c63c321\" data-element_type=\"widget\" data-settings=\"{&quot;_animation&quot;:&quot;fadeInUp&quot;,&quot;_animation_delay&quot;:400}\" data-widget_type=\"text-editor.default\">\n\t\t\t\t<div class=\"elementor-widget-container\">\n\t\t\t\t\t\t\t\t<p class=\"p1\">Meie eesm\u00e4rk on pakkuda \u00f5pilastele professionaalseid koolitusprogramme.\u00a0<\/p>\t\t\t\t\t\t<\/div>\n\t\t\t\t<\/div>\n\t\t\t\t\t<\/div>\n\t\t<\/div>\n\t\t\t\t<div class=\"elementor-column elementor-col-50 elementor-top-column elementor-element elementor-element-49b5e49 elementor-hidden-phone\" data-id=\"49b5e49\" data-element_type=\"column\">\n\t\t\t<div class=\"elementor-widget-wrap\">\n\t\t\t\t\t\t\t\t\t<\/div>\n\t\t<\/div>\n\t\t\t\t\t\t\t<\/div>\n\t\t<\/section>\n\t\t\t\t\t\t<\/div>\n\t\t\t\t\t<\/div>","protected":false},"excerpt":{"rendered":"<p>\u041e\u0431 \u0430\u0432\u0442\u043e\u0448\u043a\u043e\u043b\u0435 Advance \u0410\u0432\u0442\u043e\u0448\u043a\u043e\u043b\u0430 Advance (registrikood: 12925364) \u0440\u0430\u0441\u043f\u043e\u043b\u043e\u0436\u0435\u043d\u0430 \u0432 \u0433\u043e\u0440\u043e\u0434\u0435 \u041d\u0430\u0440\u0432\u0430 &#8212; \u043e\u0431\u0443\u0447\u0435\u043d\u0438\u0435 \u043f\u0440\u043e\u0432\u043e\u0434\u0438\u0442\u0441\u044f \u043d\u0430 \u0430\u0432\u0442\u043e\u043c\u043e\u0431\u0438\u043b\u044f\u0445 \u0441 \u043c\u0430\u043d\u0443\u0430\u043b\u044c\u043d\u043e\u0439 \u043a\u043e\u0440\u043e\u0431\u043a\u043e\u0439 \u043f\u0435\u0440\u0435\u0434\u0430\u0447 (KIA Ceed 2024\u0433) \u0438 \u0430\u0432\u0442\u043e\u043c\u0430\u0442\u0438\u0447\u0435\u0441\u043a\u043e\u0439 \u043a\u043e\u0440\u043e\u0431\u043a\u043e\u0439 \u043f\u0435\u0440\u0435\u0434\u0430\u0447 (Toyota Corolla 2024\u0433). \u0426\u0435\u043b\u044c \u043d\u0430\u0448\u0435\u0439 \u0440\u0430\u0431\u043e\u0442\u044b &#8212; \u043a\u0430\u0447\u0435\u0441\u0442\u0432\u0435\u043d\u043d\u043e\u0435 \u0438 \u0434\u043e\u0431\u0440\u043e\u0441\u043e\u0432\u0435\u0441\u0442\u043d\u043e\u0435 \u043e\u0431\u0443\u0447\u0435\u043d\u0438\u0435 \u043d\u0430\u0448\u0438\u0445 \u0443\u0447\u0435\u043d\u0438\u043a\u043e\u0432 \u0432\u043e\u0436\u0434\u0435\u043d\u0438\u044e \u043d\u0430 \u0430\u0432\u0442\u043e\u043c\u043e\u0431\u0438\u043b\u0435.\u00a0 \u041b\u0438\u0446\u0435\u043d\u0437\u0438\u044f \u043d\u0430 \u0434\u0435\u044f\u0442\u0435\u043b\u044c\u043d\u043e\u0441\u0442\u044c \u0434\u043b\u044f \u043f\u0440\u043e\u0432\u0435\u0434\u0435\u043d\u0438\u044f \u043f\u043e\u0434\u0433\u043e\u0442\u043e\u0432\u043a\u0438 \u0432\u043e\u0434\u0438\u0442\u0435\u043b\u0435\u0439 \u0430\u0432\u0442\u043e\u0442\u0440\u0430\u043d\u0441\u043f\u043e\u0440\u0442\u043d\u044b\u0445 \u0441\u0440\u0435\u0434\u0441\u0442\u0432 \u043a\u0430\u0442\u0435\u0433\u043e\u0440\u0438\u0438 \u0412 \u0432\u044b\u0434\u0430\u043d\u0430 [&hellip;]<\/p>","protected":false},"author":1,"featured_media":0,"parent":0,"menu_order":0,"comment_status":"closed","ping_status":"closed","template":"","meta":{"footnotes":""},"class_list":["post-5058","page","type-page","status-publish","hentry"],"_links":{"self":[{"href":"https:\/\/www.advanceautokool.ee\/et\/wp-json\/wp\/v2\/pages\/5058","targetHints":{"allow":["GET"]}}],"collection":[{"href":"https:\/\/www.advanceautokool.ee\/et\/wp-json\/wp\/v2\/pages"}],"about":[{"href":"https:\/\/www.advanceautokool.ee\/et\/wp-json\/wp\/v2\/types\/page"}],"author":[{"embeddable":true,"href":"https:\/\/www.advanceautokool.ee\/et\/wp-json\/wp\/v2\/users\/1"}],"replies":[{"embeddable":true,"href":"https:\/\/www.advanceautokool.ee\/et\/wp-json\/wp\/v2\/comments?post=5058"}],"version-history":[{"count":5,"href":"https:\/\/www.advanceautokool.ee\/et\/wp-json\/wp\/v2\/pages\/5058\/revisions"}],"predecessor-version":[{"id":5443,"href":"https:\/\/www.advanceautokool.ee\/et\/wp-json\/wp\/v2\/pages\/5058\/revisions\/5443"}],"wp:attachment":[{"href":"https:\/\/www.advanceautokool.ee\/et\/wp-json\/wp\/v2\/media?parent=5058"}],"curies":[{"name":"wp","href":"https:\/\/api.w.org\/{rel}","templated":true}]}}